{"id":53,"date":"2023-11-02T20:09:55","date_gmt":"2023-11-02T19:09:55","guid":{"rendered":"https:\/\/jfgintrad.com\/?page_id=53"},"modified":"2023-11-21T11:25:41","modified_gmt":"2023-11-21T10:25:41","slug":"contact","status":"publish","type":"page","link":"https:\/\/jfgintrad.com\/index.php\/contact\/","title":{"rendered":"Contact"},"content":{"rendered":"\r\n<div class=\"wp-block-columns alignfull is-layout-flex wp-container-core-columns-is-layout-9d6595d7 wp-block-columns-is-layout-flex\">\r\n<div class=\"wp-block-column is-layout-flow wp-block-column-is-layout-flow\">\r\n<div style=\"width: 100%;\"><iframe width=\"100%\" height=\"400\" frameborder=\"0\" scrolling=\"no\" marginheight=\"0\" marginwidth=\"0\" src=\"https:\/\/www.google.com\/maps\/embed?pb=!1m18!1m12!1m3!1d2884.5535059482304!2d7.259479775406211!3d43.69904504946563!2m3!1f0!2f0!3f0!3m2!1i1024!2i768!4f13.1!3m3!1m2!1s0x12cdd0097cf16c47%3A0xd1049c60449d9a36!2s38%20bis%20Bd%20Victor%20Hugo%2C%2006000%20Nice!5e0!3m2!1sfr!2sfr!4v1699131842550!5m2!1sfr!2sfr\"><span data-mce-type=\"bookmark\" style=\"display: inline-block; width: 0px; overflow: hidden; line-height: 0;\" class=\"mce_SELRES_start\">\ufeff<\/span><\/iframe><\/div>\r\n\r\n\r\n\r\n<p>&nbsp;<\/p>\r\n<\/div>\r\n<\/div>\r\n\r\n\r\n\r\n<div class=\"wp-block-columns container is-layout-flex wp-container-core-columns-is-layout-9d6595d7 wp-block-columns-is-layout-flex\">\r\n<div class=\"wp-block-column is-vertically-aligned-center is-layout-flow wp-block-column-is-layout-flow\">\r\n<h2 class=\"hestia-title wp-block-heading\"><\/h2>\r\n\r\n\r\n\r\n<div style=\"height: 40px;\" aria-hidden=\"true\" class=\"wp-block-spacer\">\r\n<h4 class=\"has-text-align-left hestia-title has-text-color\" style=\"color: #3c4858; font-size: 18px;\"><strong>Envoyez nous un message !\u00a0<\/strong><\/h4>\r\n<\/div>\r\n\r\n\r\n\r\n<div class=\"contact-wrapper\">\r\n<div class=\"content\"><form><\/form>\r\n<table class=\"wp-list-table widefat fixed striped table-view-list forms\">\r\n<tbody id=\"the-list\" data-wp-lists=\"list:form\">\r\n<tr>\r\n<td class=\"shortcode column-shortcode\" data-colname=\"Code court\"><div class=\"wpforms-container wpforms-container-full\" id=\"wpforms-485\"><form id=\"wpforms-form-485\" class=\"wpforms-validate wpforms-form wpforms-ajax-form\" data-formid=\"485\" method=\"post\" enctype=\"multipart\/form-data\" action=\"\/index.php\/wp-json\/wp\/v2\/pages\/53\" data-token=\"3e76fd912b33813113a5ca070077efe7\" data-token-time=\"1777612942\"><noscript class=\"wpforms-error-noscript\">Please enable JavaScript in your browser to complete this form.<\/noscript><div class=\"wpforms-field-container\"><div id=\"wpforms-485-field_0-container\" class=\"wpforms-field wpforms-field-name\" data-field-id=\"0\"><label class=\"wpforms-field-label\">Nom <span class=\"wpforms-required-label\">*<\/span><\/label><div class=\"wpforms-field-row wpforms-field-medium\"><div class=\"wpforms-field-row-block wpforms-first wpforms-one-half\"><input type=\"text\" id=\"wpforms-485-field_0\" class=\"wpforms-field-name-first wpforms-field-required\" name=\"wpforms[fields][0][first]\" required><label for=\"wpforms-485-field_0\" class=\"wpforms-field-sublabel after\">First<\/label><\/div><div class=\"wpforms-field-row-block wpforms-one-half\"><input type=\"text\" id=\"wpforms-485-field_0-last\" class=\"wpforms-field-name-last wpforms-field-required\" name=\"wpforms[fields][0][last]\" required><label for=\"wpforms-485-field_0-last\" class=\"wpforms-field-sublabel after\">Last<\/label><\/div><\/div><\/div><div id=\"wpforms-485-field_1-container\" class=\"wpforms-field wpforms-field-email\" data-field-id=\"1\"><label class=\"wpforms-field-label\" for=\"wpforms-485-field_1\">E-mail <span class=\"wpforms-required-label\">*<\/span><\/label><input type=\"email\" id=\"wpforms-485-field_1\" class=\"wpforms-field-medium wpforms-field-required\" name=\"wpforms[fields][1]\" spellcheck=\"false\" required><\/div><div id=\"wpforms-485-field_3-container\" class=\"wpforms-field wpforms-field-text\" data-field-id=\"3\"><label class=\"wpforms-field-label\" for=\"wpforms-485-field_3\">Num\u00e9ro de t\u00e9l\u00e9phone (facultatif) <\/label><input type=\"text\" id=\"wpforms-485-field_3\" class=\"wpforms-field-medium\" name=\"wpforms[fields][3]\" ><\/div><div id=\"wpforms-485-field_2-container\" class=\"wpforms-field wpforms-field-textarea\" data-field-id=\"2\"><label class=\"wpforms-field-label\" for=\"wpforms-485-field_2\">Commentaire ou message<\/label><textarea id=\"wpforms-485-field_2\" class=\"wpforms-field-medium\" name=\"wpforms[fields][2]\" ><\/textarea><\/div><\/div><!-- .wpforms-field-container --><div class=\"wpforms-submit-container\" ><input type=\"hidden\" name=\"wpforms[id]\" value=\"485\"><input type=\"hidden\" name=\"page_title\" value=\"\"><input type=\"hidden\" name=\"page_url\" value=\"https:\/\/jfgintrad.com\/index.php\/wp-json\/wp\/v2\/pages\/53\"><input type=\"hidden\" name=\"url_referer\" value=\"\"><button type=\"submit\" name=\"wpforms[submit]\" id=\"wpforms-submit-485\" class=\"wpforms-submit\" data-alt-text=\"Envoi...\" data-submit-text=\"Envoyer\" aria-live=\"assertive\" value=\"wpforms-submit\">Envoyer<\/button><img decoding=\"async\" src=\"https:\/\/jfgintrad.com\/wp-content\/plugins\/wpforms-lite\/assets\/images\/submit-spin.svg\" class=\"wpforms-submit-spinner\" style=\"display: none;\" width=\"26\" height=\"26\" alt=\"Loading\"><\/div><\/form><\/div>  <!-- .wpforms-container --><\/td>\r\n<\/tr>\r\n<\/tbody>\r\n<\/table>\r\n<\/div>\r\n<\/div>\r\n<\/div>\r\n<div class=\"wp-block-column is-vertically-aligned-center\">\r\n<div class=\"wp-block-columns\">\r\n<div class=\"wp-block-column\"><\/div>\r\n\r\n\r\n\r\n<div class=\"wp-block-column is-layout-flow wp-block-column-is-layout-flow\" style=\"flex-basis: 50%;\">\r\n<h4 class=\"has-text-align-left hestia-title has-text-color wp-block-heading\" style=\"color: #3c4858; font-size: 18px;\"><strong>Ecrivez-nous !\u00a0<\/strong><\/h4>\r\n\r\n\r\n\r\n<p class=\"has-text-align-left has-text-color\" style=\"color: #999999; font-size: 14px; text-align: left;\">38 Bis Boulevard Victor Hugo,<\/p>\r\n<p class=\"has-text-align-left has-text-color\" style=\"color: #999999; font-size: 14px; text-align: left;\">06000, Nice, France<\/p>\r\n<p class=\"has-text-align-left has-text-color\" style=\"color: #999999; font-size: 14px; text-align: justify;\">(Note: ceci est une adresse postale uniquement destin\u00e9e \u00e0 la r\u00e9ception de courrier, et non un bureau avec des locaux destin\u00e9s \u00e0 accueillir des clients)<\/p>\r\n<p>&nbsp;<\/p>\r\n\r\n\r\n\r\n<div style=\"height: 40px;\" aria-hidden=\"true\" class=\"wp-block-spacer\"><\/div>\r\n\r\n\r\n\r\n<h4 class=\"has-text-align-left hestia-title has-text-color wp-block-heading\" style=\"color: #3c4858; font-size: 18px;\"><strong><strong>T\u00e9l\u00e9phonez-nous !\u00a0<\/strong><\/strong><\/h4>\r\n\r\n\r\n\r\n<p class=\"has-text-align-left has-text-color\" style=\"color: #999999; font-size: 14px; text-align: justify;\">JFG Interpr\u00e9tations &amp; Traductions, (+ 33) 7 78 90 43 71, disponible de 8h \u00e0 18h du Lundi au Vendredi except\u00e9 en p\u00e9riode de mission o\u00f9 vous pouvez nous laisser un message.<\/p>\r\n\r\n\r\n\r\n<div style=\"height: 40px;\" aria-hidden=\"true\" class=\"wp-block-spacer\"><\/div>\r\n\r\n\r\n\r\n<h4 class=\"has-text-align-left hestia-title has-text-color wp-block-heading\" style=\"color: #3c4858; font-size: 18px;\"><strong> <strong>Envoyez-nous un e-mail !\u00a0<\/strong><\/strong><\/h4>\r\n\r\n\r\n\r\n<p class=\"has-text-align-left has-text-color\" style=\"color: #999999; font-size: 14px;\">jfgintrad@gmail.com<\/p>\r\n<\/div>\r\n\r\n\r\n\r\n<div class=\"wp-block-column is-layout-flow wp-block-column-is-layout-flow\"><\/div>\r\n<\/div>\r\n<\/div>\r\n<\/div>\r\n<!-- \/wp:post-content -->\r\n\r\n<!-- wp:paragraph -->\r\n<p>&nbsp;<\/p>\r\n<!-- \/wp:paragraph -->\r\n\r\n<!-- wp:paragraph -->\r\n<p>&nbsp;<\/p>\r\n<!-- \/wp:paragraph -->\r\n<p>&nbsp;<\/p>","protected":false},"excerpt":{"rendered":"<p>\ufeff &nbsp; Ecrivez-nous !\u00a0 38 Bis Boulevard Victor Hugo, 06000, Nice, France (Note: ceci est une adresse postale uniquement destin\u00e9e \u00e0 la r\u00e9ception de courrier, et non un bureau avec des locaux destin\u00e9s \u00e0 accueillir des clients) &nbsp; T\u00e9l\u00e9phonez-nous !\u00a0 JFG Interpr\u00e9tations &amp; Traductions, (+ 33) 7 78 90 43 [&hellip;]<\/p>\n","protected":false},"author":1,"featured_media":45,"parent":0,"menu_order":0,"comment_status":"closed","ping_status":"closed","template":"page-templates\/template-pagebuilder-full-width.php","meta":{"footnotes":""},"class_list":["post-53","page","type-page","status-publish","has-post-thumbnail","hentry"],"_links":{"self":[{"href":"https:\/\/jfgintrad.com\/index.php\/wp-json\/wp\/v2\/pages\/53","targetHints":{"allow":["GET"]}}],"collection":[{"href":"https:\/\/jfgintrad.com\/index.php\/wp-json\/wp\/v2\/pages"}],"about":[{"href":"https:\/\/jfgintrad.com\/index.php\/wp-json\/wp\/v2\/types\/page"}],"author":[{"embeddable":true,"href":"https:\/\/jfgintrad.com\/index.php\/wp-json\/wp\/v2\/users\/1"}],"replies":[{"embeddable":true,"href":"https:\/\/jfgintrad.com\/index.php\/wp-json\/wp\/v2\/comments?post=53"}],"version-history":[{"count":8,"href":"https:\/\/jfgintrad.com\/index.php\/wp-json\/wp\/v2\/pages\/53\/revisions"}],"predecessor-version":[{"id":489,"href":"https:\/\/jfgintrad.com\/index.php\/wp-json\/wp\/v2\/pages\/53\/revisions\/489"}],"wp:featuredmedia":[{"embeddable":true,"href":"https:\/\/jfgintrad.com\/index.php\/wp-json\/wp\/v2\/media\/45"}],"wp:attachment":[{"href":"https:\/\/jfgintrad.com\/index.php\/wp-json\/wp\/v2\/media?parent=53"}],"curies":[{"name":"wp","href":"https:\/\/api.w.org\/{rel}","templated":true}]}}