{"id":52,"date":"2023-11-02T20:09:55","date_gmt":"2023-11-02T19:09:55","guid":{"rendered":"https:\/\/jfgintrad.com\/?page_id=52"},"modified":"2023-11-20T20:18:35","modified_gmt":"2023-11-20T19:18:35","slug":"accueil","status":"publish","type":"page","link":"https:\/\/jfgintrad.com\/","title":{"rendered":"Accueil"},"content":{"rendered":"\r\n<div class=\"wp-block-cover alignfull has-white-background-color has-background-dim hestia-clear-top-padding\">\r\n<div class=\"wp-block-cover__inner-container is-layout-flow wp-block-cover-is-layout-flow\">\r\n<h2 class=\"has-text-align-center has-text-color wp-block-heading\" style=\"color: #3c4858;\">Pourquoi choisir JFG Interpr\u00e9tations &amp; Traductions ?<\/h2>\r\n\r\n\r\n\r\n<div style=\"height: 40px;\" aria-hidden=\"true\" class=\"wp-block-spacer\"><\/div>\r\n\r\n\r\n\r\n<div class=\"wp-block-columns container is-layout-flex wp-container-core-columns-is-layout-9d6595d7 wp-block-columns-is-layout-flex\">\r\n<div class=\"wp-block-column is-layout-flow wp-block-column-is-layout-flow\">\r\n<div class=\"wp-block-image\">\r\n<figure class=\"aligncenter size-large\"><img decoding=\"async\" src=\"https:\/\/jfgintrad.com\/wp-content\/uploads\/2023\/11\/check-solid-263x300.png\" alt=\"\" width=\"50\" height=\"57\" class=\"alignnone wp-image-86\" srcset=\"https:\/\/jfgintrad.com\/wp-content\/uploads\/2023\/11\/check-solid-263x300.png 263w, https:\/\/jfgintrad.com\/wp-content\/uploads\/2023\/11\/check-solid.png 448w\" sizes=\"(max-width: 50px) 100vw, 50px\" \/><\/figure>\r\n<\/div>\r\n\r\n\r\n\r\n<h5 class=\"has-text-align-justify has-text-color wp-block-heading\" style=\"color: #3c4858; font-size: 18px; text-align: center;\">Qualit\u00e9<\/h5>\r\n\r\n\r\n\r\n<p style=\"line-height: 115%; text-align: justify; margin-bottom: 0.25cm; background: transparent;\"><span style=\"color: #999999;\">Que ce soit pour des traductions ou des missions d&#8217;interpr\u00e9tation de conf\u00e9rence, nous nous appliquons \u00e0 \u00eatre le plus exigeant possible pour garantir des prestations qualitatives. Nos pratiques professionelles sont align\u00e9es sur celles des organisations internationales, r\u00e9f\u00e9rence en la mati\u00e8re en terme d&#8217;excellence linguistique.<\/span><\/p>\r\n<\/div>\r\n\r\n\r\n\r\n<div class=\"wp-block-column is-layout-flow wp-block-column-is-layout-flow\">\r\n<div class=\"wp-block-image\">\r\n<figure class=\"aligncenter size-large\"><img decoding=\"async\" src=\"https:\/\/jfgintrad.com\/wp-content\/uploads\/2023\/11\/address-card-solid-300x267.png\" alt=\"\" width=\"64\" height=\"57\" class=\"alignnone wp-image-85\" srcset=\"https:\/\/jfgintrad.com\/wp-content\/uploads\/2023\/11\/address-card-solid-300x267.png 300w, https:\/\/jfgintrad.com\/wp-content\/uploads\/2023\/11\/address-card-solid.png 576w\" sizes=\"(max-width: 64px) 100vw, 64px\" \/><\/figure>\r\n<\/div>\r\n\r\n\r\n\r\n<h5 class=\"has-text-align-center has-text-color wp-block-heading\" style=\"color: #3c4858; font-size: 18px;\">Professionalisme<\/h5>\r\n\r\n\r\n\r\n<p style=\"line-height: 115%; text-align: justify; margin-bottom: 0.25cm; background: transparent;\"><span style=\"color: #999999;\">Enti\u00e8rement d\u00e9vou\u00e9 \u00e0 nos clientes et nos clients, nous adh\u00e9rons \u00e0 la d\u00e9ontologie des m\u00e9tiers de service linguistique et respections les valeurs cardinales de la profession d&#8217;interpr\u00e8te, \u00e0 savoir : probit\u00e9, confidentialit\u00e9, int\u00e9grit\u00e9, r\u00e9serve et coll\u00e9gialit\u00e9.<\/span><\/p>\r\n\r\n\r\n\r\n<div style=\"height: 25px;\" aria-hidden=\"true\" class=\"wp-block-spacer\"><\/div>\r\n<\/div>\r\n\r\n\r\n\r\n<div class=\"wp-block-column is-layout-flow wp-block-column-is-layout-flow\">\r\n<div class=\"wp-block-image\">\r\n<figure class=\"aligncenter size-large\"><img decoding=\"async\" src=\"https:\/\/jfgintrad.com\/wp-content\/uploads\/2023\/11\/euro-sign-solid-188x300.png\" alt=\"\" width=\"36\" height=\"57\" class=\"alignnone wp-image-87\" srcset=\"https:\/\/jfgintrad.com\/wp-content\/uploads\/2023\/11\/euro-sign-solid-188x300.png 188w, https:\/\/jfgintrad.com\/wp-content\/uploads\/2023\/11\/euro-sign-solid.png 320w\" sizes=\"(max-width: 36px) 100vw, 36px\" \/><\/figure>\r\n<\/div>\r\n\r\n\r\n\r\n<h5 class=\"has-text-align-center has-text-color wp-block-heading\" style=\"color: #3c4858; font-size: 18px;\">Accessibilit\u00e9<\/h5>\r\n\r\n\r\n\r\n<p style=\"line-height: 115%; text-align: justify; margin-bottom: 0.25cm; background: transparent;\"><span style=\"color: #999999;\">D\u00e9sireux de s&#8217;ouvrir \u00e0 une large client\u00e8le, nos tarifs tr\u00e8s comp\u00e9titifs permettent \u00e0 toutes et tous de b\u00e9n\u00e9ficier de services linguistiques de qualit\u00e9.<\/span><\/p>\r\n\r\n\r\n\r\n<div style=\"height: 25px;\" aria-hidden=\"true\" class=\"wp-block-spacer\"><\/div>\r\n<\/div>\r\n<\/div>\r\n\r\n\r\n\r\n<div style=\"height: 40px;\" aria-hidden=\"true\" class=\"wp-block-spacer\"><\/div>\r\n<\/div>\r\n<\/div>\r\n","protected":false},"excerpt":{"rendered":"","protected":false},"author":1,"featured_media":0,"parent":0,"menu_order":0,"comment_status":"closed","ping_status":"closed","template":"","meta":{"footnotes":""},"class_list":["post-52","page","type-page","status-publish","hentry"],"_links":{"self":[{"href":"https:\/\/jfgintrad.com\/index.php\/wp-json\/wp\/v2\/pages\/52","targetHints":{"allow":["GET"]}}],"collection":[{"href":"https:\/\/jfgintrad.com\/index.php\/wp-json\/wp\/v2\/pages"}],"about":[{"href":"https:\/\/jfgintrad.com\/index.php\/wp-json\/wp\/v2\/types\/page"}],"author":[{"embeddable":true,"href":"https:\/\/jfgintrad.com\/index.php\/wp-json\/wp\/v2\/users\/1"}],"replies":[{"embeddable":true,"href":"https:\/\/jfgintrad.com\/index.php\/wp-json\/wp\/v2\/comments?post=52"}],"version-history":[{"count":10,"href":"https:\/\/jfgintrad.com\/index.php\/wp-json\/wp\/v2\/pages\/52\/revisions"}],"predecessor-version":[{"id":94,"href":"https:\/\/jfgintrad.com\/index.php\/wp-json\/wp\/v2\/pages\/52\/revisions\/94"}],"wp:attachment":[{"href":"https:\/\/jfgintrad.com\/index.php\/wp-json\/wp\/v2\/media?parent=52"}],"curies":[{"name":"wp","href":"https:\/\/api.w.org\/{rel}","templated":true}]}}