{"id":355,"date":"2023-11-07T23:44:32","date_gmt":"2023-11-07T22:44:32","guid":{"rendered":"https:\/\/jfgintrad.com\/?page_id=355"},"modified":"2024-03-17T21:40:36","modified_gmt":"2024-03-17T20:40:36","slug":"a-propos","status":"publish","type":"page","link":"https:\/\/jfgintrad.com\/index.php\/a-propos\/","title":{"rendered":"A propos"},"content":{"rendered":"\t\t<div data-elementor-type=\"wp-page\" data-elementor-id=\"355\" class=\"elementor elementor-355\">\n\t\t\t\t<div class=\"elementor-element elementor-element-3fcc344 e-flex e-con-boxed e-con e-parent\" data-id=\"3fcc344\" data-element_type=\"container\" data-e-type=\"container\">\n\t\t\t\t\t<div class=\"e-con-inner\">\n\t\t\t\t<div class=\"elementor-element elementor-element-cdca621 elementor-position-top elementor-widget elementor-widget-image-box\" data-id=\"cdca621\" data-element_type=\"widget\" data-e-type=\"widget\" data-widget_type=\"image-box.default\">\n\t\t\t\t<div class=\"elementor-widget-container\">\n\t\t\t\t\t<div class=\"elementor-image-box-wrapper\"><figure class=\"elementor-image-box-img\"><img fetchpriority=\"high\" decoding=\"async\" width=\"2698\" height=\"2698\" src=\"https:\/\/jfgintrad.com\/wp-content\/uploads\/2023\/11\/shape-jeff-pro-modified.png\" class=\"attachment-full size-full wp-image-375\" alt=\"\" srcset=\"https:\/\/jfgintrad.com\/wp-content\/uploads\/2023\/11\/shape-jeff-pro-modified.png 2698w, https:\/\/jfgintrad.com\/wp-content\/uploads\/2023\/11\/shape-jeff-pro-modified-300x300.png 300w, https:\/\/jfgintrad.com\/wp-content\/uploads\/2023\/11\/shape-jeff-pro-modified-1024x1024.png 1024w, https:\/\/jfgintrad.com\/wp-content\/uploads\/2023\/11\/shape-jeff-pro-modified-150x150.png 150w, https:\/\/jfgintrad.com\/wp-content\/uploads\/2023\/11\/shape-jeff-pro-modified-768x768.png 768w, https:\/\/jfgintrad.com\/wp-content\/uploads\/2023\/11\/shape-jeff-pro-modified-1536x1536.png 1536w, https:\/\/jfgintrad.com\/wp-content\/uploads\/2023\/11\/shape-jeff-pro-modified-2048x2048.png 2048w\" sizes=\"(max-width: 2698px) 100vw, 2698px\" \/><\/figure><div class=\"elementor-image-box-content\"><h3 class=\"elementor-image-box-title\">Jean-Fran\u00e7ois Grappin<\/h3><\/div><\/div>\t\t\t\t<\/div>\n\t\t\t\t<\/div>\n\t\t\t\t\t<\/div>\n\t\t\t\t<\/div>\n\t\t<div class=\"elementor-element elementor-element-3192541 e-flex e-con-boxed e-con e-parent\" data-id=\"3192541\" data-element_type=\"container\" data-e-type=\"container\">\n\t\t\t\t\t<div class=\"e-con-inner\">\n\t\t\t\t<div class=\"elementor-element elementor-element-a1fa6b6 elementor-widget-divider--view-line elementor-widget elementor-widget-divider\" data-id=\"a1fa6b6\" data-element_type=\"widget\" data-e-type=\"widget\" data-widget_type=\"divider.default\">\n\t\t\t\t<div class=\"elementor-widget-container\">\n\t\t\t\t\t\t\t<div class=\"elementor-divider\">\n\t\t\t<span class=\"elementor-divider-separator\">\n\t\t\t\t\t\t<\/span>\n\t\t<\/div>\n\t\t\t\t\t\t<\/div>\n\t\t\t\t<\/div>\n\t\t\t\t\t<\/div>\n\t\t\t\t<\/div>\n\t\t<div class=\"elementor-element elementor-element-83f50b3 e-flex e-con-boxed e-con e-parent\" data-id=\"83f50b3\" data-element_type=\"container\" data-e-type=\"container\">\n\t\t\t\t\t<div class=\"e-con-inner\">\n\t\t\t\t<div class=\"elementor-element elementor-element-fde1c38 elementor-widget elementor-widget-text-editor\" data-id=\"fde1c38\" data-element_type=\"widget\" data-e-type=\"widget\" data-widget_type=\"text-editor.default\">\n\t\t\t\t<div class=\"elementor-widget-container\">\n\t\t\t\t\t\t\t\t\t<p>Derri\u00e8re JFG Interpr\u00e9tations &amp; Traductions se trouve Jean-Fran\u00e7ois Grappin, interpr\u00e8te de conf\u00e9rence et traducteur ind\u00e9pendant.\u00a0<\/p>\t\t\t\t\t\t\t\t<\/div>\n\t\t\t\t<\/div>\n\t\t\t\t\t<\/div>\n\t\t\t\t<\/div>\n\t\t<div class=\"elementor-element elementor-element-b7f83e5 e-flex e-con-boxed e-con e-parent\" data-id=\"b7f83e5\" data-element_type=\"container\" data-e-type=\"container\">\n\t\t\t\t\t<div class=\"e-con-inner\">\n\t\t\t\t<div class=\"elementor-element elementor-element-5506efa elementor-widget elementor-widget-text-editor\" data-id=\"5506efa\" data-element_type=\"widget\" data-e-type=\"widget\" data-widget_type=\"text-editor.default\">\n\t\t\t\t<div class=\"elementor-widget-container\">\n\t\t\t\t\t\t\t\t\t<blockquote><p style=\"text-align: justify;\">&#8220;Vorace de connaissances en tout genre, et passionn\u00e9 par la pratique des langues \u00e9trang\u00e8res, ces app\u00e9tences m&#8217;ont naturellement pouss\u00e9 vers la carri\u00e8re d&#8217;interpr\u00e8te de conf\u00e9rence. Titulaire d&#8217;une Licence en Langues Etrang\u00e8res Appliqu\u00e9es parcours \u00e9conomie et droit, et ayant \u00e9t\u00e9 form\u00e9 pendant deux ans et demi en tant qu&#8217;interpr\u00e8te de conf\u00e9rence \u00e0 la prestigieuse Facult\u00e9 de Traduction et d&#8217;Interpr\u00e9tation de l&#8217;Universit\u00e9 de Gen\u00e8ve, je suis de retour dans ma r\u00e9gion natale pour faire b\u00e9n\u00e9ficier \u00e0 l&#8217;ensemble de ma client\u00e8le de prestations de haut niveau.<\/p><p style=\"text-align: justify;\">Par ailleurs, ma d\u00e9marche n&#8217;est pas seulement entrepreneuriale. En effet, force est de constater que bien des r\u00e9alit\u00e9s de notre m\u00e9tier sont ignor\u00e9es du grand public. C&#8217;est pourquoi j&#8217;ai d\u00e9cid\u00e9 d&#8217;axer mon approche autour de trois piliers fondateurs:<\/p><ul style=\"text-align: justify;\"><li><em><strong>Professionalisme<\/strong><\/em><strong>\u00a0<em>:\u00a0<\/em><\/strong><em>mon passage \u00e0 la FTI m&#8217;a inculqu\u00e9 une \u00e9thique de travail pr\u00e9cieuse ainsi qu&#8217;un niveau d&#8217;exigence strict et conforme aux normes pratiqu\u00e9es dans les organisations internationales telles que l&#8217;ONU et l&#8217;Union Europ\u00e9enne. L&#8217;interpr\u00e8te de conf\u00e9rence est ponctuel, rigoureux, m\u00e9ticuleux, perfectionniste et par dessus tout d\u00e9vou\u00e9 \u00e0 son auditoire.<\/em><\/li><li style=\"text-align: justify;\"><em><strong>Communication :<\/strong><\/em><em> dans la relation client-interpr\u00e8te, comme dans toute relation humaine, la communication et le dialogue sont la cl\u00e9 de toute r\u00e9ussite. Je mets un point d&#8217;honneur \u00e0 r\u00e9pondre \u00e0 toutes les questions de mes clients, \u00e0 dissiper leurs interrogations et \u00e0 \u00e9tablier une relation de confiance. Cela passe souvent par la vulgarisation de facettes de mon m\u00e9tier parfois m\u00e9connues et complexes pour les non-initi\u00e9s.\u00a0<\/em><\/li><li style=\"text-align: justify;\"><strong><em>Coll\u00e9gialit\u00e9 :<\/em><\/strong><em> \u00e0 l&#8217;instar de tous les autres corps de m\u00e9tiers, l&#8217;interpr\u00e9tation de conf\u00e9rence ne peut exister que gr\u00e2ce \u00e0 un esprit confraternel de tous les praticiens. Il est important de veiller aux bonnes pratiques et de respecter nos coll\u00e8gues.<\/em><\/li><\/ul><p style=\"text-align: justify;\"><em>Voil\u00e0 r\u00e9sum\u00e9es en quelques lignes toutes les raisons qui me poussent \u00e0 exercer ce m\u00e9tier-passion et \u00e0 toujours aller de l&#8217;avant. Ravi chaque jour de mon choix de vocation, c&#8217;est cet \u00e9tat d&#8217;esprit que j&#8217;essaie de mettre \u00e0 l&#8217;oeuvre lors de mes prestations pour tous les clients m&#8217;ayant confi\u00e9 leur projet.&#8221;<\/em><\/p><p style=\"text-align: left;\">&#8211; JFG<\/p><\/blockquote>\t\t\t\t\t\t\t\t<\/div>\n\t\t\t\t<\/div>\n\t\t\t\t\t<\/div>\n\t\t\t\t<\/div>\n\t\t<div class=\"elementor-element elementor-element-518f62f e-flex e-con-boxed e-con e-parent\" data-id=\"518f62f\" data-element_type=\"container\" data-e-type=\"container\">\n\t\t\t\t\t<div class=\"e-con-inner\">\n\t\t\t\t<div class=\"elementor-element elementor-element-586c505 elementor-widget elementor-widget-heading\" data-id=\"586c505\" data-element_type=\"widget\" data-e-type=\"widget\" data-widget_type=\"heading.default\">\n\t\t\t\t<div class=\"elementor-widget-container\">\n\t\t\t\t\t<h4 class=\"elementor-heading-title elementor-size-default\">Quelques photos de mon activit\u00e9<\/h4>\t\t\t\t<\/div>\n\t\t\t\t<\/div>\n\t\t\t\t\t<\/div>\n\t\t\t\t<\/div>\n\t\t<div class=\"elementor-element elementor-element-4ae17eb e-flex e-con-boxed e-con e-parent\" data-id=\"4ae17eb\" data-element_type=\"container\" data-e-type=\"container\">\n\t\t\t\t\t<div class=\"e-con-inner\">\n\t\t\t\t<div class=\"elementor-element elementor-element-4dde9d5 elementor-widget elementor-widget-image-gallery\" data-id=\"4dde9d5\" data-element_type=\"widget\" data-e-type=\"widget\" data-widget_type=\"image-gallery.default\">\n\t\t\t\t<div class=\"elementor-widget-container\">\n\t\t\t\t\t\t\t<div class=\"elementor-image-gallery\">\n\t\t\t\n\t\t<style type=\"text\/css\">\n\t\t\t#gallery-1 {\n\t\t\t\tmargin: auto;\n\t\t\t}\n\t\t\t#gallery-1 .gallery-item {\n\t\t\t\tfloat: left;\n\t\t\t\tmargin-top: 10px;\n\t\t\t\ttext-align: center;\n\t\t\t\twidth: 25%;\n\t\t\t}\n\t\t\t#gallery-1 img {\n\t\t\t\tborder: 2px solid #cfcfcf;\n\t\t\t}\n\t\t\t#gallery-1 .gallery-caption {\n\t\t\t\tmargin-left: 0;\n\t\t\t}\n\t\t\t\/* see gallery_shortcode() in wp-includes\/media.php *\/\n\t\t<\/style>\n\t\t<div id='gallery-1' class='gallery galleryid-355 gallery-columns-4 gallery-size-thumbnail'><dl class='gallery-item'>\n\t\t\t<dt class='gallery-icon portrait'>\n\t\t\t\t<a data-elementor-open-lightbox=\"yes\" data-elementor-lightbox-slideshow=\"4dde9d5\" data-elementor-lightbox-title=\"Sans titre-1\" data-e-action-hash=\"#elementor-action%3Aaction%3Dlightbox%26settings%3DeyJpZCI6MzY2LCJ1cmwiOiJodHRwczpcL1wvamZnaW50cmFkLmNvbVwvd3AtY29udGVudFwvdXBsb2Fkc1wvMjAyM1wvMTFcL1NhbnMtdGl0cmUtMS5qcGciLCJzbGlkZXNob3ciOiI0ZGRlOWQ1In0%3D\" href='https:\/\/jfgintrad.com\/wp-content\/uploads\/2023\/11\/Sans-titre-1.jpg'><img decoding=\"async\" width=\"150\" height=\"150\" src=\"https:\/\/jfgintrad.com\/wp-content\/uploads\/2023\/11\/Sans-titre-1-150x150.jpg\" class=\"attachment-thumbnail size-thumbnail\" alt=\"\" aria-describedby=\"gallery-1-366\" \/><\/a>\n\t\t\t<\/dt>\n\t\t\t\t<dd class='wp-caption-text gallery-caption' id='gallery-1-366'>\n\t\t\t\tAssembl\u00e9e g\u00e9n\u00e9rale de l&#8217;AIIC 2022\n\t\t\t\t<\/dd><\/dl><dl class='gallery-item'>\n\t\t\t<dt class='gallery-icon portrait'>\n\t\t\t\t<a data-elementor-open-lightbox=\"yes\" data-elementor-lightbox-slideshow=\"4dde9d5\" data-elementor-lightbox-title=\"Sans titre-2\" data-e-action-hash=\"#elementor-action%3Aaction%3Dlightbox%26settings%3DeyJpZCI6MzY3LCJ1cmwiOiJodHRwczpcL1wvamZnaW50cmFkLmNvbVwvd3AtY29udGVudFwvdXBsb2Fkc1wvMjAyM1wvMTFcL1NhbnMtdGl0cmUtMi5qcGciLCJzbGlkZXNob3ciOiI0ZGRlOWQ1In0%3D\" href='https:\/\/jfgintrad.com\/wp-content\/uploads\/2023\/11\/Sans-titre-2.jpg'><img decoding=\"async\" width=\"150\" height=\"150\" src=\"https:\/\/jfgintrad.com\/wp-content\/uploads\/2023\/11\/Sans-titre-2-150x150.jpg\" class=\"attachment-thumbnail size-thumbnail\" alt=\"\" aria-describedby=\"gallery-1-367\" \/><\/a>\n\t\t\t<\/dt>\n\t\t\t\t<dd class='wp-caption-text gallery-caption' id='gallery-1-367'>\n\t\t\t\tEn action en cabine\n\t\t\t\t<\/dd><\/dl><dl class='gallery-item'>\n\t\t\t<dt class='gallery-icon landscape'>\n\t\t\t\t<a data-elementor-open-lightbox=\"yes\" data-elementor-lightbox-slideshow=\"4dde9d5\" data-elementor-lightbox-title=\"1642268380056\" data-e-action-hash=\"#elementor-action%3Aaction%3Dlightbox%26settings%3DeyJpZCI6MzY0LCJ1cmwiOiJodHRwczpcL1wvamZnaW50cmFkLmNvbVwvd3AtY29udGVudFwvdXBsb2Fkc1wvMjAyM1wvMTFcLzE2NDIyNjgzODAwNTYuanBnIiwic2xpZGVzaG93IjoiNGRkZTlkNSJ9\" href='https:\/\/jfgintrad.com\/wp-content\/uploads\/2023\/11\/1642268380056.jpg'><img loading=\"lazy\" decoding=\"async\" width=\"150\" height=\"150\" src=\"https:\/\/jfgintrad.com\/wp-content\/uploads\/2023\/11\/1642268380056-150x150.jpg\" class=\"attachment-thumbnail size-thumbnail\" alt=\"\" aria-describedby=\"gallery-1-364\" \/><\/a>\n\t\t\t<\/dt>\n\t\t\t\t<dd class='wp-caption-text gallery-caption' id='gallery-1-364'>\n\t\t\t\tL&#8217;\u00e9poque du COVID o\u00f9 nous \u00e9tions seuls en cabine, fort heureusement r\u00e9volue !\n\t\t\t\t<\/dd><\/dl><dl class='gallery-item'>\n\t\t\t<dt class='gallery-icon landscape'>\n\t\t\t\t<a data-elementor-open-lightbox=\"yes\" data-elementor-lightbox-slideshow=\"4dde9d5\" data-elementor-lightbox-title=\"1642268386988\" data-e-action-hash=\"#elementor-action%3Aaction%3Dlightbox%26settings%3DeyJpZCI6MzY1LCJ1cmwiOiJodHRwczpcL1wvamZnaW50cmFkLmNvbVwvd3AtY29udGVudFwvdXBsb2Fkc1wvMjAyM1wvMTFcLzE2NDIyNjgzODY5ODguanBnIiwic2xpZGVzaG93IjoiNGRkZTlkNSJ9\" href='https:\/\/jfgintrad.com\/wp-content\/uploads\/2023\/11\/1642268386988.jpg'><img loading=\"lazy\" decoding=\"async\" width=\"150\" height=\"150\" src=\"https:\/\/jfgintrad.com\/wp-content\/uploads\/2023\/11\/1642268386988-150x150.jpg\" class=\"attachment-thumbnail size-thumbnail\" alt=\"\" aria-describedby=\"gallery-1-365\" \/><\/a>\n\t\t\t<\/dt>\n\t\t\t\t<dd class='wp-caption-text gallery-caption' id='gallery-1-365'>\n\t\t\t\tPr\u00e9paration des documents \n\t\t\t\t<\/dd><\/dl><br style=\"clear: both\" \/><dl class='gallery-item'>\n\t\t\t<dt class='gallery-icon landscape'>\n\t\t\t\t<a data-elementor-open-lightbox=\"yes\" data-elementor-lightbox-slideshow=\"4dde9d5\" data-elementor-lightbox-title=\"361342673_244195175067985_351709788424683863_n\" data-e-action-hash=\"#elementor-action%3Aaction%3Dlightbox%26settings%3DeyJpZCI6MzYwLCJ1cmwiOiJodHRwczpcL1wvamZnaW50cmFkLmNvbVwvd3AtY29udGVudFwvdXBsb2Fkc1wvMjAyM1wvMTFcLzM2MTM0MjY3M18yNDQxOTUxNzUwNjc5ODVfMzUxNzA5Nzg4NDI0NjgzODYzX24uanBnIiwic2xpZGVzaG93IjoiNGRkZTlkNSJ9\" href='https:\/\/jfgintrad.com\/wp-content\/uploads\/2023\/11\/361342673_244195175067985_351709788424683863_n.jpg'><img loading=\"lazy\" decoding=\"async\" width=\"150\" height=\"150\" src=\"https:\/\/jfgintrad.com\/wp-content\/uploads\/2023\/11\/361342673_244195175067985_351709788424683863_n-150x150.jpg\" class=\"attachment-thumbnail size-thumbnail\" alt=\"\" aria-describedby=\"gallery-1-360\" \/><\/a>\n\t\t\t<\/dt>\n\t\t\t\t<dd class='wp-caption-text gallery-caption' id='gallery-1-360'>\n\t\t\t\tPr\u00e9paration des documents, deuxi\u00e8me partie\n\t\t\t\t<\/dd><\/dl><dl class='gallery-item'>\n\t\t\t<dt class='gallery-icon landscape'>\n\t\t\t\t<a data-elementor-open-lightbox=\"yes\" data-elementor-lightbox-slideshow=\"4dde9d5\" data-elementor-lightbox-title=\"361423786_1293666571513644_6392451329516733319_n\" data-e-action-hash=\"#elementor-action%3Aaction%3Dlightbox%26settings%3DeyJpZCI6MzYyLCJ1cmwiOiJodHRwczpcL1wvamZnaW50cmFkLmNvbVwvd3AtY29udGVudFwvdXBsb2Fkc1wvMjAyM1wvMTFcLzM2MTQyMzc4Nl8xMjkzNjY2NTcxNTEzNjQ0XzYzOTI0NTEzMjk1MTY3MzMzMTlfbi5qcGciLCJzbGlkZXNob3ciOiI0ZGRlOWQ1In0%3D\" href='https:\/\/jfgintrad.com\/wp-content\/uploads\/2023\/11\/361423786_1293666571513644_6392451329516733319_n.jpg'><img loading=\"lazy\" decoding=\"async\" width=\"150\" height=\"150\" src=\"https:\/\/jfgintrad.com\/wp-content\/uploads\/2023\/11\/361423786_1293666571513644_6392451329516733319_n-150x150.jpg\" class=\"attachment-thumbnail size-thumbnail\" alt=\"\" aria-describedby=\"gallery-1-362\" \/><\/a>\n\t\t\t<\/dt>\n\t\t\t\t<dd class='wp-caption-text gallery-caption' id='gallery-1-362'>\n\t\t\t\tA la salle XX de l&#8217;ONU de Gen\u00e8ve lors des pr\u00e9paration de la CIT\n\t\t\t\t<\/dd><\/dl><dl class='gallery-item'>\n\t\t\t<dt class='gallery-icon portrait'>\n\t\t\t\t<a data-elementor-open-lightbox=\"yes\" data-elementor-lightbox-slideshow=\"4dde9d5\" data-elementor-lightbox-title=\"361216782_617202200391517_1805460959094187147_n\" data-e-action-hash=\"#elementor-action%3Aaction%3Dlightbox%26settings%3DeyJpZCI6MzU4LCJ1cmwiOiJodHRwczpcL1wvamZnaW50cmFkLmNvbVwvd3AtY29udGVudFwvdXBsb2Fkc1wvMjAyM1wvMTFcLzM2MTIxNjc4Ml82MTcyMDIyMDAzOTE1MTdfMTgwNTQ2MDk1OTA5NDE4NzE0N19uLmpwZyIsInNsaWRlc2hvdyI6IjRkZGU5ZDUifQ%3D%3D\" href='https:\/\/jfgintrad.com\/wp-content\/uploads\/2023\/11\/361216782_617202200391517_1805460959094187147_n.jpg'><img loading=\"lazy\" decoding=\"async\" width=\"150\" height=\"150\" src=\"https:\/\/jfgintrad.com\/wp-content\/uploads\/2023\/11\/361216782_617202200391517_1805460959094187147_n-150x150.jpg\" class=\"attachment-thumbnail size-thumbnail\" alt=\"\" aria-describedby=\"gallery-1-358\" \/><\/a>\n\t\t\t<\/dt>\n\t\t\t\t<dd class='wp-caption-text gallery-caption' id='gallery-1-358'>\n\t\t\t\tL&#8217;arriv\u00e9e du mat\u00e9riel est toujours bienvenue&#8230;\n\t\t\t\t<\/dd><\/dl><dl class='gallery-item'>\n\t\t\t<dt class='gallery-icon landscape'>\n\t\t\t\t<a data-elementor-open-lightbox=\"yes\" data-elementor-lightbox-slideshow=\"4dde9d5\" data-elementor-lightbox-title=\"361124360_1290211565189735_6740518858105287060_n\" data-e-action-hash=\"#elementor-action%3Aaction%3Dlightbox%26settings%3DeyJpZCI6MzU3LCJ1cmwiOiJodHRwczpcL1wvamZnaW50cmFkLmNvbVwvd3AtY29udGVudFwvdXBsb2Fkc1wvMjAyM1wvMTFcLzM2MTEyNDM2MF8xMjkwMjExNTY1MTg5NzM1XzY3NDA1MTg4NTgxMDUyODcwNjBfbi5qcGciLCJzbGlkZXNob3ciOiI0ZGRlOWQ1In0%3D\" href='https:\/\/jfgintrad.com\/wp-content\/uploads\/2023\/11\/361124360_1290211565189735_6740518858105287060_n.jpg'><img loading=\"lazy\" decoding=\"async\" width=\"150\" height=\"150\" src=\"https:\/\/jfgintrad.com\/wp-content\/uploads\/2023\/11\/361124360_1290211565189735_6740518858105287060_n-150x150.jpg\" class=\"attachment-thumbnail size-thumbnail\" alt=\"\" aria-describedby=\"gallery-1-357\" \/><\/a>\n\t\t\t<\/dt>\n\t\t\t\t<dd class='wp-caption-text gallery-caption' id='gallery-1-357'>\n\t\t\t\tS\u00e9ance pleini\u00e8re au Conseil de l&#8217;Europe\n\t\t\t\t<\/dd><\/dl><br style=\"clear: both\" \/>\n\t\t<\/div>\n\t\t<\/div>\n\t\t\t\t\t\t<\/div>\n\t\t\t\t<\/div>\n\t\t\t\t\t<\/div>\n\t\t\t\t<\/div>\n\t\t\t\t<\/div>\n\t\t","protected":false},"excerpt":{"rendered":"<p>Jean-Fran\u00e7ois Grappin Derri\u00e8re JFG Interpr\u00e9tations &amp; Traductions se trouve Jean-Fran\u00e7ois Grappin, interpr\u00e8te de conf\u00e9rence et traducteur ind\u00e9pendant.\u00a0 &#8220;Vorace de connaissances en tout genre, et passionn\u00e9 par la pratique des langues \u00e9trang\u00e8res, ces app\u00e9tences m&#8217;ont naturellement pouss\u00e9 vers la carri\u00e8re d&#8217;interpr\u00e8te de conf\u00e9rence. Titulaire d&#8217;une Licence en Langues Etrang\u00e8res Appliqu\u00e9es parcours [&hellip;]<\/p>\n","protected":false},"author":1,"featured_media":357,"parent":0,"menu_order":0,"comment_status":"closed","ping_status":"closed","template":"","meta":{"footnotes":""},"class_list":["post-355","page","type-page","status-publish","has-post-thumbnail","hentry"],"_links":{"self":[{"href":"https:\/\/jfgintrad.com\/index.php\/wp-json\/wp\/v2\/pages\/355","targetHints":{"allow":["GET"]}}],"collection":[{"href":"https:\/\/jfgintrad.com\/index.php\/wp-json\/wp\/v2\/pages"}],"about":[{"href":"https:\/\/jfgintrad.com\/index.php\/wp-json\/wp\/v2\/types\/page"}],"author":[{"embeddable":true,"href":"https:\/\/jfgintrad.com\/index.php\/wp-json\/wp\/v2\/users\/1"}],"replies":[{"embeddable":true,"href":"https:\/\/jfgintrad.com\/index.php\/wp-json\/wp\/v2\/comments?post=355"}],"version-history":[{"count":45,"href":"https:\/\/jfgintrad.com\/index.php\/wp-json\/wp\/v2\/pages\/355\/revisions"}],"predecessor-version":[{"id":505,"href":"https:\/\/jfgintrad.com\/index.php\/wp-json\/wp\/v2\/pages\/355\/revisions\/505"}],"wp:featuredmedia":[{"embeddable":true,"href":"https:\/\/jfgintrad.com\/index.php\/wp-json\/wp\/v2\/media\/357"}],"wp:attachment":[{"href":"https:\/\/jfgintrad.com\/index.php\/wp-json\/wp\/v2\/media?parent=355"}],"curies":[{"name":"wp","href":"https:\/\/api.w.org\/{rel}","templated":true}]}}