{"id":3,"date":"2023-11-02T19:41:08","date_gmt":"2023-11-02T18:41:08","guid":{"rendered":"https:\/\/jfgintrad.com\/?page_id=3"},"modified":"2024-03-17T21:42:43","modified_gmt":"2024-03-17T20:42:43","slug":"politique-de-confidentialite","status":"publish","type":"page","link":"https:\/\/jfgintrad.com\/index.php\/politique-de-confidentialite\/","title":{"rendered":"Conditions g\u00e9n\u00e9rales d&#8217;utilisation, politique de confidentialit\u00e9 et mentions l\u00e9gales"},"content":{"rendered":"<h2 style=\"margin-top: 0.35cm; margin-bottom: 0.21cm; background: transparent; font-family: 'Liberation Serif', serif; font-size: 24px; font-weight: bold; text-align: justify;\">Conditions g\u00e9n\u00e9rales d&#8217;utilisation, politique de confidentialit\u00e9 et mentions l\u00e9gales<\/h2>\n<p>&nbsp;<\/p>\n<p style=\"line-height: 115%; margin-bottom: 0.25cm; background: transparent; text-align: justify;\"><strong style=\"font-weight: bold;\">Article 1 : Objet<\/strong><\/p>\n<p style=\"line-height: 115%; margin-bottom: 0.25cm; background: transparent; text-align: justify;\">Les pr\u00e9sentes \u00ab Conditions G\u00e9n\u00e9rales d\u2019Utilisation \u00bb, ci-apr\u00e8s abr\u00e9g\u00e9es en CGU, ont pour objet l\u2019encadrement juridique de l\u2019utilisation du site https:\/\/jfgintrad.com et de ses services.<\/p>\n<p style=\"line-height: 115%; margin-bottom: 0.25cm; background: transparent; text-align: justify;\">Ce contrat est conclu entre :<\/p>\n<ul>\n<li>\n<p style=\"line-height: 115%; background: transparent; margin-bottom: 0cm; text-align: justify;\">Le g\u00e9rant du pr\u00e9sent site internet, ci-apr\u00e8s appel\u00e9 \u00e9diteur.<\/p>\n<\/li>\n<li>\n<p style=\"line-height: 115%; margin-bottom: 0.25cm; background: transparent; text-align: justify;\">Toute personne physique ou morale souhaitant acc\u00e9der au site et \u00e0 ses services, ci-apr\u00e8s appel\u00e9e utilisateur.<\/p>\n<\/li>\n<\/ul>\n<p style=\"line-height: 115%; margin-bottom: 0.25cm; background: transparent; text-align: justify;\">Les pr\u00e9sentes CGU doivent \u00eatre accept\u00e9es dans leur int\u00e9gralit\u00e9 et sans r\u00e9serve de la part de l&#8217;utilisateur, et toute connexion au site vaut acceptation de ces derni\u00e8res.<\/p>\n<p>&nbsp;<\/p>\n<p style=\"line-height: 115%; margin-bottom: 0.25cm; background: transparent; text-align: justify;\"><strong style=\"font-weight: bold;\">Article 2 : Mentions l\u00e9gales<\/strong><\/p>\n<p style=\"line-height: 115%; margin-bottom: 0.25cm; background: transparent; text-align: justify;\">Le site jfgintrad.com est la vitrine commerciale de JFG Interpr\u00e9tations &amp; Traductions, nom commercial de l&#8217;entrepreneur individuel Jean-Fran\u00e7ois Grappin (personne physique).<\/p>\n<p style=\"line-height: 115%; margin-bottom: 0.25cm; background: transparent; text-align: justify;\">Jean-Fran\u00e7ois Grappin peut \u00eatre contact\u00e9 par mail \u00e0 jfgintrad@gmail.com, par t\u00e9l\u00e9phone au +33 7 78 90 43 71, ou par courrier \u00e0 l&#8217;adresse suivante : 38 bis Boulevard Victor Hugo, 06000, Nice, France.<\/p>\n<p style=\"line-height: 115%; margin-bottom: 0.25cm; background: transparent; text-align: justify;\">Le site web est h\u00e9berg\u00e9 par la soci\u00e9t\u00e9 Hostinger International Limited, dont le si\u00e8ge se trouve \u00e0 Jonavos g. 60C, 44192 Kaunas, Lituanie. Le syst\u00e8me de gestion de contenu op\u00e9rant le site est WordPress.<\/p>\n<p>&nbsp;<\/p>\n<p style=\"line-height: 115%; margin-bottom: 0.25cm; background: transparent; text-align: justify;\"><strong style=\"font-weight: bold;\">Article 3 : Acc\u00e8s aux services<\/strong><\/p>\n<p style=\"line-height: 115%; margin-bottom: 0.25cm; background: transparent; text-align: justify;\">En acc\u00e9dant au pr\u00e9sent site web, l&#8217;utilisateur b\u00e9n\u00e9ficie d&#8217;un acc\u00e8s libre a tous les contenus publi\u00e9s sur le site internet. Le site et ses diff\u00e9rents services peuvent \u00eatre interrompus ou suspendus par l&#8217;\u00e9diteur selon son bon vouloir, sans obligation de justification ou de pr\u00e9avis.<\/p>\n<p style=\"line-height: 115%; margin-bottom: 0.25cm; background: transparent; text-align: justify;\">Une interruption ou suspension du site et de ses services n&#8217;est pas corr\u00e9l\u00e9e avec l&#8217;activit\u00e9 de l&#8217;entreprise, et ne constituerait en aucun cas un motif l\u00e9gitime de rupture de contrat pass\u00e9 entre JFG Interpr\u00e9tations &amp; Traductions et un ou plusieurs de ses clients ayant contract\u00e9 aupr\u00e8s de l&#8217;entreprise.<\/p>\n<p>&nbsp;<\/p>\n<p style=\"line-height: 115%; margin-bottom: 0.25cm; background: transparent; text-align: justify;\"><strong style=\"font-weight: bold;\">Article 4 : Responsabilit\u00e9 de l&#8217;utilisateur<\/strong><\/p>\n<p style=\"line-height: 115%; margin-bottom: 0.25cm; background: transparent; text-align: justify;\">Les frais n\u00e9cessaires \u00e0 l&#8217;acc\u00e8s au site (connexion internet) sont \u00e0 la charge de l&#8217;utilisateur.<\/p>\n<p style=\"line-height: 115%; margin-bottom: 0.25cm; background: transparent; text-align: justify;\">Bien que celui-ci ait un acc\u00e8s libre au site, celui-ci n&#8217;est pas autoris\u00e9 \u00e0 acc\u00e9der \u00e0 la partie administrative du site internet ainsi qu&#8217;\u00e0 tous les contenus figurant dans ladite partie n&#8217;\u00e9tant pas publi\u00e9s. Tout acc\u00e8s \u00e0 cette partie du site, ou utilisation d&#8217;un contenu s&#8217;y trouvant, sans l&#8217;accord de l&#8217;\u00e9diteur constituerait une atteinte a un syst\u00e8me de traitement automatis\u00e9 de donn\u00e9es conform\u00e9ment aux Articles 323-1 \u00e0 323-8 du Code P\u00e9nal, ce qui rendrait l&#8217;utilisateur passible d&#8217;une amende de 100 000 \u20ac assorti de trois ans d&#8217;emprisonnement.<\/p>\n<p style=\"line-height: 115%; margin-bottom: 0.25cm; background: transparent; text-align: justify;\">Il est formellement interdit pour un utilisateur de se servir du nom de domaine, de l&#8217;adresse url du pr\u00e9sent site, ou de tout contenu publi\u00e9 sur celui-ci \u00e0 des fins promotionnelles ou diffamatoires.<\/p>\n<p>&nbsp;<\/p>\n<p style=\"line-height: 115%; margin-bottom: 0.25cm; background: transparent; text-align: justify;\"><strong style=\"font-weight: bold;\">Article 5 : Responsabilit\u00e9 de l&#8217;\u00e9diteur<\/strong><\/p>\n<p style=\"line-height: 115%; margin-bottom: 0.25cm; background: transparent; text-align: justify;\">Tout dysfonctionnement du site web, du serveur, de l&#8217;h\u00e9bergeur, du syst\u00e8me de gestion de contenu, \u00a0d\u00fb \u00e0 un cas de force majeure, ou d\u00fb au fait insurmontable et impr\u00e9visible d&#8217;un tiers, ne saurait en aucun cas engager la responsabilit\u00e9 de l&#8217;\u00e9diteur.<\/p>\n<p>&nbsp;<\/p>\n<p style=\"line-height: 115%; margin-bottom: 0.25cm; background: transparent; text-align: justify;\"><strong style=\"font-weight: bold;\">Article 6 : Propri\u00e9t\u00e9 intellectuelle<\/strong><\/p>\n<p style=\"line-height: 115%; margin-bottom: 0.25cm; background: transparent; text-align: justify;\">Hormis ceux d\u00e9j\u00e0 couverts par une licence d&#8217;utilisation, les contenus publi\u00e9s sur le pr\u00e9sent site (logo, \u00e9l\u00e9ments graphiques, textes, vid\u00e9os, photos, articles de blogs, etc&#8230;) sont prot\u00e9g\u00e9s par le droit d&#8217;auteur en vertu du Code de la Propri\u00e9t\u00e9 Intellectuelle.<\/p>\n<p style=\"line-height: 115%; margin-bottom: 0.25cm; background: transparent; text-align: justify;\">Toute reproduction, copie ou publication, partielle ou totale d&#8217;un contenu pr\u00e9sent sur jfgintrad.com doit se faire avec l&#8217;accord explicite et \u00e9crit de l&#8217;\u00e9diteur.<\/p>\n<p style=\"line-height: 115%; margin-bottom: 0.25cm; background: transparent; text-align: justify;\">Les contenus susmentionn\u00e9s peuvent \u00eatre exploit\u00e9s par l&#8217;utilisateur si celui en fait usage \u00e0 des fins personnelles.<\/p>\n<p>&nbsp;<\/p>\n<p style=\"line-height: 115%; margin-bottom: 0.25cm; background: transparent; text-align: justify;\"><strong style=\"font-weight: bold;\">Article 7 : Donn\u00e9es personnelles<\/strong><\/p>\n<p style=\"line-height: 115%; margin-bottom: 0.25cm; background: transparent; text-align: justify;\">Lorsque l&#8217;utilisateur se connecte au pr\u00e9sent site, certaines de ces donn\u00e9es sont r\u00e9colt\u00e9es via l&#8217;extension WPStatistics. Cette derni\u00e8re renseigne l&#8217;\u00e9diteur sur les aspects suivants de la connexion du client :<\/p>\n<ul>\n<li>\n<p style=\"line-height: 115%; background: transparent; margin-bottom: 0cm; text-align: justify;\">la date et l&#8217;heure de la connexion<\/p>\n<\/li>\n<li>\n<p style=\"line-height: 115%; background: transparent; margin-bottom: 0cm; text-align: justify;\">les pages visit\u00e9es<\/p>\n<\/li>\n<li>\n<p style=\"line-height: 115%; background: transparent; margin-bottom: 0cm; text-align: justify;\">si l&#8217;utilisateur a acc\u00e9d\u00e9 au site via un lien hypertexte pr\u00e9sent sur un autre site, l&#8217;\u00e9diteur aura connaissance du site duquel est arriv\u00e9 l&#8217;utilisateur<\/p>\n<\/li>\n<li>\n<p style=\"line-height: 115%; background: transparent; margin-bottom: 0cm; text-align: justify;\">le moteur de recherche utilis\u00e9<\/p>\n<\/li>\n<li>\n<p style=\"line-height: 115%; background: transparent; margin-bottom: 0cm; text-align: justify;\">le syst\u00e8me d&#8217;exploitation utilis\u00e9<\/p>\n<\/li>\n<li>\n<p style=\"line-height: 115%; background: transparent; margin-bottom: 0cm; text-align: justify;\">l&#8217;appareil utilis\u00e9<\/p>\n<\/li>\n<li>\n<p style=\"line-height: 115%; margin-bottom: 0.25cm; background: transparent; text-align: justify;\">l&#8217;adresse IP<\/p>\n<\/li>\n<\/ul>\n<p style=\"line-height: 115%; margin-bottom: 0.25cm; background: transparent; text-align: justify;\">Le site n&#8217;utilise aucun cookie.<\/p>\n<p style=\"line-height: 115%; margin-bottom: 0.25cm; background: transparent; text-align: justify;\">Toute donn\u00e9e personnelle collect\u00e9e via un formulaire pr\u00e9sent sur le site sera imm\u00e9diatement supprim\u00e9e par l&#8217;utilisateur si la d\u00e9marche de ce dernier n&#8217;aboutit pas \u00e0 la conclusion d&#8217;un contrat de vente avec JFG Interpr\u00e9tations &amp; Traductions. Un utilisateur faisant explicitement part par \u00e9crit \u00e0 l&#8217;\u00e9diteur de sa volont\u00e9 de ne pas contracter avec JFG Interpr\u00e9tations &amp; Traductions, ou ne se manifestant pendant sept jours calendaires apr\u00e8s avoir utilis\u00e9 un ou plusieurs des formulaires, entrainera automatiquement la suppression des donn\u00e9es personnelles susmentionn\u00e9es.<\/p>\n<p style=\"line-height: 115%; margin-bottom: 0.25cm; background: transparent; text-align: justify;\">Dans le cas o\u00f9 un utilisateur aurait fait usage d&#8217;un formulaire, ayant par la suite r\u00e9sult\u00e9 en l&#8217;\u00e9tablissement d&#8217;un contrat de vente entre ce dernier et JFG Interpr\u00e9tations &amp; Traductions, les pr\u00e9sentes CGU deviendront caduques pour le traitement des donn\u00e9es personnelles de l&#8217;utilisateur. Celles-ci seront d\u00e8s-lors encadr\u00e9es par Conditions G\u00e9n\u00e9rales de Vente de l&#8217;entreprise.<\/p>\n<p style=\"line-height: 115%; margin-bottom: 0.25cm; background: transparent; text-align: justify;\">Il convient de rappeler a l&#8217;utilisateur que, conform\u00e9ment aux dispositions l\u00e9gales et r\u00e9glementaires applicables, en particulier la loi n\u00b078-17 du 6 janvier 1978 modifi\u00e9e, relative \u00e0 l\u2019informatique, aux fichiers et aux libert\u00e9s et du r\u00e8glement europ\u00e9en n\u00b02016\/679\/UE du 27 avril 2016, l&#8217;utilisateur b\u00e9n\u00e9ficie d\u2019un droit d\u2019acc\u00e8s, de rectification, de portabilit\u00e9 et d\u2019effacement de ses donn\u00e9es ou encore de limitation du traitement. Il peut \u00e9galement, pour des motifs l\u00e9gitimes, s\u2019opposer au traitement des donn\u00e9es le concernant, en \u00e9crivant a l&#8217;\u00e9diteur aux coordonn\u00e9es pr\u00e9cis\u00e9es dans l&#8217;article 2 des pr\u00e9sentes CGU.<\/p>\n<p>&nbsp;<\/p>\n<p style=\"line-height: 115%; margin-bottom: 0.25cm; background: transparent; text-align: justify;\"><strong style=\"font-weight: bold;\">Article 8 : Liens hypertexte<\/strong><\/p>\n<p style=\"line-height: 115%; margin-bottom: 0.25cm; background: transparent; text-align: justify;\">Les sites internet et domaines vers lesquels m\u00e8nent les liens hypertexte pr\u00e9sents sur le site ne sauraient en aucun cas engager la responsabilit\u00e9 de l&#8217;\u00e9diteur en ce que celui-ci n&#8217;exerce aucun contr\u00f4le sur les contenus vers lesquels ces liens renvoient.<\/p>\n<p>&nbsp;<\/p>\n<p style=\"line-height: 115%; margin-bottom: 0.25cm; background: transparent; text-align: justify;\"><strong style=\"font-weight: bold;\">Article 9 : Dur\u00e9e du contrat\u00a0<\/strong><\/p>\n<p style=\"line-height: 115%; margin-bottom: 0.25cm; background: transparent; text-align: justify;\">La dur\u00e9e des pr\u00e9sentes CGU est ind\u00e9termin\u00e9e. Ces derni\u00e8res produisent les effets susmentionn\u00e9s \u00e0 l&#8217;\u00e9gard de l&#8217;utilisateur \u00e0 compter de sa premi\u00e8re visite sur le site.<\/p>\n<p>&nbsp;<\/p>\n<p style=\"line-height: 115%; margin-bottom: 0.25cm; background: transparent; text-align: justify;\"><strong style=\"font-weight: bold;\">Article 10 : Droit applicable et juridiction comp\u00e9tente<\/strong><\/p>\n<p style=\"line-height: 115%; margin-bottom: 0.25cm; background: transparent; text-align: justify;\">Les pr\u00e9sentes CGU rel\u00e8vent du droit fran\u00e7ais. En cas de conflit non r\u00e9solu \u00e0 l&#8217;amiable entre un ou plusieurs utilisateurs et l&#8217;\u00e9diteur, les tribunaux fran\u00e7ais sont seuls comp\u00e9tents pour r\u00e9gler tout contentieux.<\/p>\n<p>&nbsp;<\/p>\n<p style=\"line-height: 115%; margin-bottom: 0.25cm; background: transparent; text-align: justify;\"><strong style=\"font-weight: bold;\">Article 11 : Evolution des Conditions G\u00e9n\u00e9rales d&#8217;Utilisation<\/strong><\/p>\n<p style=\"line-height: 115%; margin-bottom: 0.25cm; background: transparent; text-align: justify;\">L&#8217;\u00e9diteur se r\u00e9serve le droit exclusif de modifier les pr\u00e9sentes CGU \u00e0 sa guise sans obligation de pr\u00e9vention et de justification envers l&#8217;utilisateur.<\/p>\n<p>&nbsp;<\/p>\n<p>&nbsp;<\/p>\n","protected":false},"excerpt":{"rendered":"<p>Conditions g\u00e9n\u00e9rales d&#8217;utilisation, politique de confidentialit\u00e9 et mentions l\u00e9gales &nbsp; Article 1 : Objet Les pr\u00e9sentes \u00ab Conditions G\u00e9n\u00e9rales d\u2019Utilisation \u00bb, ci-apr\u00e8s abr\u00e9g\u00e9es en CGU, ont pour objet l\u2019encadrement juridique de l\u2019utilisation du site https:\/\/jfgintrad.com et de ses services. Ce contrat est conclu entre : Le g\u00e9rant du pr\u00e9sent site [&hellip;]<\/p>\n","protected":false},"author":1,"featured_media":43,"parent":0,"menu_order":0,"comment_status":"closed","ping_status":"open","template":"","meta":{"footnotes":""},"class_list":["post-3","page","type-page","status-publish","has-post-thumbnail","hentry"],"_links":{"self":[{"href":"https:\/\/jfgintrad.com\/index.php\/wp-json\/wp\/v2\/pages\/3","targetHints":{"allow":["GET"]}}],"collection":[{"href":"https:\/\/jfgintrad.com\/index.php\/wp-json\/wp\/v2\/pages"}],"about":[{"href":"https:\/\/jfgintrad.com\/index.php\/wp-json\/wp\/v2\/types\/page"}],"author":[{"embeddable":true,"href":"https:\/\/jfgintrad.com\/index.php\/wp-json\/wp\/v2\/users\/1"}],"replies":[{"embeddable":true,"href":"https:\/\/jfgintrad.com\/index.php\/wp-json\/wp\/v2\/comments?post=3"}],"version-history":[{"count":10,"href":"https:\/\/jfgintrad.com\/index.php\/wp-json\/wp\/v2\/pages\/3\/revisions"}],"predecessor-version":[{"id":506,"href":"https:\/\/jfgintrad.com\/index.php\/wp-json\/wp\/v2\/pages\/3\/revisions\/506"}],"wp:featuredmedia":[{"embeddable":true,"href":"https:\/\/jfgintrad.com\/index.php\/wp-json\/wp\/v2\/media\/43"}],"wp:attachment":[{"href":"https:\/\/jfgintrad.com\/index.php\/wp-json\/wp\/v2\/media?parent=3"}],"curies":[{"name":"wp","href":"https:\/\/api.w.org\/{rel}","templated":true}]}}